{"id":2905,"date":"2018-07-17T14:25:32","date_gmt":"2018-07-17T12:25:32","guid":{"rendered":"http:\/\/www.hotellaviergenoire.com\/?page_id=2905"},"modified":"2023-05-10T22:48:48","modified_gmt":"2023-05-10T20:48:48","slug":"rooms","status":"publish","type":"page","link":"http:\/\/hotellaviergenoire.com\/fr\/rooms\/","title":{"rendered":"Chambres"},"content":{"rendered":"<div id=\"pl-2905\"  class=\"panel-layout\" ><div id=\"pg-2905-0\"  class=\"panel-grid panel-has-style\" ><div class=\"siteorigin-panels-stretch panel-row-style panel-row-style-for-2905-0\" data-stretch-type=\"full\" ><div id=\"pgc-2905-0-0\"  class=\"panel-grid-cell\" ><div id=\"panel-2905-0-0-0\" class=\"so-panel widget widget_heading panel-first-child\" data-index=\"0\" ><div class=\"thim-widget-heading thim-widget-heading-base template-base\"><div class=\"sc-heading article_heading wrapper-line-heading\"><h3 class=\"heading__primary\">Besoin d'une pause ?<\/h3><span class=\"line-heading\"><span><\/span><\/span><\/div><\/div><\/div><div id=\"panel-2905-0-0-1\" class=\"so-panel widget widget_text\" data-index=\"1\" >\t\t\t<div class=\"textwidget\"><em><strong>Nous informons notre aimable client\u00e8le que les animaux et les enfants de moins de 15 ans ne sont plus accept\u00e9s. Merci de votre compr\u00e9hension.<\/strong><\/em><br>\n\n<img loading=\"lazy\" decoding=\"async\" class=\"size-full wp-image-4781 alignnone\" src=\"http:\/\/hotellaviergenoire.com\/wp-content\/uploads\/2022\/03\/pictogramme-pmr.png\" alt=\"\" width=\"52\" height=\"52\" srcset=\"http:\/\/hotellaviergenoire.com\/wp-content\/uploads\/2022\/03\/pictogramme-pmr.png 52w, http:\/\/hotellaviergenoire.com\/wp-content\/uploads\/2022\/03\/pictogramme-pmr-12x12.png 12w\" sizes=\"auto, (max-width: 52px) 100vw, 52px\" \/>\u00a0 <em><strong>De m\u00eame et malheureusement, notre \u00e9tablissement n'est pas \u00e9quip\u00e9 pour recevoir des personnes \u00e0 mobilit\u00e9 r\u00e9duite.<\/strong><\/em>\n\n&nbsp;<\/div>\n\t\t<\/div><div id=\"panel-2905-0-0-2\" class=\"so-panel widget widget_sow-editor panel-last-child\" data-index=\"2\" ><div\n\t\t\t\n\t\t\tclass=\"so-widget-sow-editor so-widget-sow-editor-base\"\n\t\t\t\n\t\t>\n<div class=\"siteorigin-widget-tinymce textwidget\">\n\t<ul class=\"rooms tp-hotel-booking hb-catalog-column-4\">\n<li id=\"room-4523\" class=\"col-md-3 col-sm-6 col-xs-6 post-4523 hb_room type-hb_room status-publish has-post-thumbnail hentry hb_room_type-double-room hb_room_type-standard-room\">\n<div class=\"summary entry-summary\">\n<div class=\"media\">\n\t<img loading=\"lazy\" decoding=\"async\" src=\"http:\/\/hotellaviergenoire.com\/wp-content\/uploads\/2015\/10\/DSC_0006-scaled-270x270.jpg\" width=\"270\" height=\"270\" alt=\"\"\/>\t\t<\/p>\n<div class=\"actions\">\n<div class=\"action-btn\">\n\t\t\t<a href=\"http:\/\/hotellaviergenoire.com\/fr\/chambres\/standard\/\" class=\"button readmore\"><br \/>\n\t\t\t\t<i class=\"las la-external-link-square-alt\"><\/i><br \/>\n\t\t\t<\/a>\n\t\t<\/div>\n<\/p><\/div>\n<\/div>\n<div class=\"content-room\">\n<div class=\"title-room\">\n<div class=\"title\">\n<h4>\n\t\t<a href=\"http:\/\/hotellaviergenoire.com\/fr\/chambres\/standard\/\">Standard<\/a><br \/>\n\t<\/h4>\n<\/div>\n<div class=\"room-types\"><a href=\"http:\/\/hotellaviergenoire.com\/fr\/type-chambre\/double-room\/\" rel=\"tag\">Chambre Double<\/a><span class=\"sep\"><\/span><a href=\"http:\/\/hotellaviergenoire.com\/fr\/type-chambre\/standard-room\/\" rel=\"tag\">Chambre Standard<\/a><\/div>\n<\/p><\/div>\n<div class=\"description\">\n<p>Chambres au calme offrant une vue sur la v\u00e9g\u00e9tation environ...<\/p>\n<div class=\"information_services\">\n<ul>\n<li><i class=\"fa fa-coffee\"><\/i><\/li>\n<li><i class=\"fa fa-wifi\"><\/i><\/li>\n<li><i class=\"fa fa-cutlery\"><\/i><\/li>\n<\/ul>\n<\/div>\n<\/div>\n<div class=\"footer-content-room\">\n<div class=\"price\">\n\t\t\t<span class=\"title-price\">Price:<\/span><\/p>\n<p>\t\t\t\t\t\t\t<span class=\"price_value price_min\"><br \/>\n\t            148.5 &euro;<span class=\"unit\">night<\/span><br \/>\n            <\/span><\/p><\/div>\n<div class=\"actions\">\n<div class=\"action-btn\">\n\t\t\t<a href=\"http:\/\/hotellaviergenoire.com\/fr\/chambres\/standard\/\" class=\"button readmore\"><br \/>\n\t\t\t\tMore Info\t\t\t<\/a>\n\t\t<\/div>\n<\/p><\/div>\n<\/div><\/div>\n<\/p><\/div>\n<p><!-- .summary --><\/p>\n<\/li>\n<li id=\"room-4522\" class=\"col-md-3 col-sm-6 col-xs-6 post-4522 hb_room type-hb_room status-publish has-post-thumbnail hentry hb_room_type-double-room hb_room_type-double-terrace\">\n<div class=\"summary entry-summary\">\n<div class=\"media\">\n\t<img loading=\"lazy\" decoding=\"async\" src=\"http:\/\/hotellaviergenoire.com\/wp-content\/uploads\/2015\/10\/TERRASSE-JARDIN.-270x270.jpg\" width=\"270\" height=\"270\" alt=\"\"\/>\t\t<\/p>\n<div class=\"actions\">\n<div class=\"action-btn\">\n\t\t\t<a href=\"http:\/\/hotellaviergenoire.com\/fr\/chambres\/double-terrace\/\" class=\"button readmore\"><br \/>\n\t\t\t\t<i class=\"las la-external-link-square-alt\"><\/i><br \/>\n\t\t\t<\/a>\n\t\t<\/div>\n<\/p><\/div>\n<\/div>\n<div class=\"content-room\">\n<div class=\"title-room\">\n<div class=\"title\">\n<h4>\n\t\t<a href=\"http:\/\/hotellaviergenoire.com\/fr\/chambres\/double-terrace\/\">Double Terrasse<\/a><br \/>\n\t<\/h4>\n<\/div>\n<div class=\"room-types\"><a href=\"http:\/\/hotellaviergenoire.com\/fr\/type-chambre\/double-room\/\" rel=\"tag\">Chambre Double<\/a><span class=\"sep\"><\/span><a href=\"http:\/\/hotellaviergenoire.com\/fr\/type-chambre\/double-terrace\/\" rel=\"tag\">Double Terrasse<\/a><\/div>\n<\/p><\/div>\n<div class=\"description\">\n<p>Chambre avec terrasse priv\u00e9e prot\u00e9g\u00e9e par la v\u00e9g\u00e9tation vo ...<\/p>\n<div class=\"information_services\">\n<ul>\n<li><i class=\"fa fa-coffee\"><\/i><\/li>\n<li><i class=\"fa fa-wifi\"><\/i><\/li>\n<li><i class=\"fa fa-cutlery\"><\/i><\/li>\n<\/ul>\n<\/div>\n<\/div>\n<div class=\"footer-content-room\">\n<div class=\"price\">\n\t\t\t<span class=\"title-price\">Price:<\/span><\/p>\n<p>\t\t\t\t\t\t\t<span class=\"price_value price_min\"><br \/>\n\t            165.0 &euro;<span class=\"unit\">night<\/span><br \/>\n            <\/span><\/p><\/div>\n<div class=\"actions\">\n<div class=\"action-btn\">\n\t\t\t<a href=\"http:\/\/hotellaviergenoire.com\/fr\/chambres\/double-terrace\/\" class=\"button readmore\"><br \/>\n\t\t\t\tMore Info\t\t\t<\/a>\n\t\t<\/div>\n<\/p><\/div>\n<\/div><\/div>\n<\/p><\/div>\n<p><!-- .summary --><\/p>\n<\/li>\n<li id=\"room-4521\" class=\"col-md-3 col-sm-6 col-xs-6 post-4521 hb_room type-hb_room status-publish has-post-thumbnail hentry hb_room_type-twin-room hb_room_type-twin-terrace\">\n<div class=\"summary entry-summary\">\n<div class=\"media\">\n\t<img loading=\"lazy\" decoding=\"async\" src=\"http:\/\/hotellaviergenoire.com\/wp-content\/uploads\/2015\/10\/ch-7-terrasse-rdc-002-270x270.jpg\" width=\"270\" height=\"270\" alt=\"\"\/>\t\t<\/p>\n<div class=\"actions\">\n<div class=\"action-btn\">\n\t\t\t<a href=\"http:\/\/hotellaviergenoire.com\/fr\/chambres\/twin-terrace\/\" class=\"button readmore\"><br \/>\n\t\t\t\t<i class=\"las la-external-link-square-alt\"><\/i><br \/>\n\t\t\t<\/a>\n\t\t<\/div>\n<\/p><\/div>\n<\/div>\n<div class=\"content-room\">\n<div class=\"title-room\">\n<div class=\"title\">\n<h4>\n\t\t<a href=\"http:\/\/hotellaviergenoire.com\/fr\/chambres\/twin-terrace\/\">Chambre Double Terrasse<\/a><br \/>\n\t<\/h4>\n<\/div>\n<div class=\"room-types\"><a href=\"http:\/\/hotellaviergenoire.com\/fr\/type-chambre\/twin-room\/\" rel=\"tag\">Chambre Double<\/a><span class=\"sep\"><\/span><a href=\"http:\/\/hotellaviergenoire.com\/fr\/type-chambre\/twin-terrace\/\" rel=\"tag\">Chambre Double Terrasse<\/a><\/div>\n<\/p><\/div>\n<div class=\"description\">\n<p>Chambre de type twin avec terrasse priv\u00e9e prot\u00e9g\u00e9e par ...<\/p>\n<div class=\"information_services\">\n<ul>\n<li><i class=\"fa fa-coffee\"><\/i><\/li>\n<li><i class=\"fa fa-wifi\"><\/i><\/li>\n<li><i class=\"fa fa-cutlery\"><\/i><\/li>\n<\/ul>\n<\/div>\n<\/div>\n<div class=\"footer-content-room\">\n<div class=\"price\">\n\t\t\t<span class=\"title-price\">Price:<\/span><\/p>\n<p>\t\t\t\t\t\t\t<span class=\"price_value price_min\"><br \/>\n\t            165.0 &euro;<span class=\"unit\">night<\/span><br \/>\n            <\/span><\/p><\/div>\n<div class=\"actions\">\n<div class=\"action-btn\">\n\t\t\t<a href=\"http:\/\/hotellaviergenoire.com\/fr\/chambres\/twin-terrace\/\" class=\"button readmore\"><br \/>\n\t\t\t\tMore Info\t\t\t<\/a>\n\t\t<\/div>\n<\/p><\/div>\n<\/div><\/div>\n<\/p><\/div>\n<p><!-- .summary --><\/p>\n<\/li>\n<li id=\"room-4520\" class=\"col-md-3 col-sm-6 col-xs-6 post-4520 hb_room type-hb_room status-publish has-post-thumbnail hentry hb_room_type-double-room hb_room_type-terrace-sea-view\">\n<div class=\"summary entry-summary\">\n<div class=\"media\">\n\t<img loading=\"lazy\" decoding=\"async\" src=\"http:\/\/hotellaviergenoire.com\/wp-content\/uploads\/2015\/10\/chambre_terrasse_vue_mer4-270x270.jpg\" width=\"270\" height=\"270\" alt=\"\"\/>\t\t<\/p>\n<div class=\"actions\">\n<div class=\"action-btn\">\n\t\t\t<a href=\"http:\/\/hotellaviergenoire.com\/fr\/chambres\/sea-view-terrace\/\" class=\"button readmore\"><br \/>\n\t\t\t\t<i class=\"las la-external-link-square-alt\"><\/i><br \/>\n\t\t\t<\/a>\n\t\t<\/div>\n<\/p><\/div>\n<\/div>\n<div class=\"content-room\">\n<div class=\"title-room\">\n<div class=\"title\">\n<h4>\n\t\t<a href=\"http:\/\/hotellaviergenoire.com\/fr\/chambres\/sea-view-terrace\/\">Terrasse Vue Mer<\/a><br \/>\n\t<\/h4>\n<\/div>\n<div class=\"room-types\"><a href=\"http:\/\/hotellaviergenoire.com\/fr\/type-chambre\/double-room\/\" rel=\"tag\">Chambre Double<\/a><span class=\"sep\"><\/span><a href=\"http:\/\/hotellaviergenoire.com\/fr\/type-chambre\/terrace-sea-view\/\" rel=\"tag\">Terrasse Vue Mer<\/a><\/div>\n<\/p><\/div>\n<div class=\"description\">\n<p>Chambres avec terrasse et salon ext\u00e9rieur priv\u00e9 avec ...<\/p>\n<div class=\"information_services\">\n<ul>\n<li><i class=\"fa fa-coffee\"><\/i><\/li>\n<li><i class=\"fa fa-wifi\"><\/i><\/li>\n<li><i class=\"fa fa-cutlery\"><\/i><\/li>\n<\/ul>\n<\/div>\n<\/div>\n<div class=\"footer-content-room\">\n<div class=\"price\">\n\t\t\t<span class=\"title-price\">Price:<\/span><\/p>\n<p>\t\t\t\t\t\t\t<span class=\"price_value price_min\"><br \/>\n\t            165.0 &euro;<span class=\"unit\">night<\/span><br \/>\n            <\/span><\/p><\/div>\n<div class=\"actions\">\n<div class=\"action-btn\">\n\t\t\t<a href=\"http:\/\/hotellaviergenoire.com\/fr\/chambres\/sea-view-terrace\/\" class=\"button readmore\"><br \/>\n\t\t\t\tMore Info\t\t\t<\/a>\n\t\t<\/div>\n<\/p><\/div>\n<\/div><\/div>\n<\/p><\/div>\n<p><!-- .summary --><\/p>\n<\/li>\n<li id=\"room-4519\" class=\"col-md-3 col-sm-6 col-xs-6 post-4519 hb_room type-hb_room status-publish has-post-thumbnail hentry hb_room_type-balcony-sea-view hb_room_type-double-room\">\n<div class=\"summary entry-summary\">\n<div class=\"media\">\n\t<img loading=\"lazy\" decoding=\"async\" src=\"http:\/\/hotellaviergenoire.com\/wp-content\/uploads\/2015\/10\/chambre5-270x270.jpg\" width=\"270\" height=\"270\" alt=\"\"\/>\t\t<\/p>\n<div class=\"actions\">\n<div class=\"action-btn\">\n\t\t\t<a href=\"http:\/\/hotellaviergenoire.com\/fr\/chambres\/sea-view-balcony\/\" class=\"button readmore\"><br \/>\n\t\t\t\t<i class=\"las la-external-link-square-alt\"><\/i><br \/>\n\t\t\t<\/a>\n\t\t<\/div>\n<\/p><\/div>\n<\/div>\n<div class=\"content-room\">\n<div class=\"title-room\">\n<div class=\"title\">\n<h4>\n\t\t<a href=\"http:\/\/hotellaviergenoire.com\/fr\/chambres\/sea-view-balcony\/\">Balcon Vue Mer<\/a><br \/>\n\t<\/h4>\n<\/div>\n<div class=\"room-types\"><a href=\"http:\/\/hotellaviergenoire.com\/fr\/type-chambre\/balcony-sea-view\/\" rel=\"tag\">Balcon Vue Mer<\/a><span class=\"sep\"><\/span><a href=\"http:\/\/hotellaviergenoire.com\/fr\/type-chambre\/double-room\/\" rel=\"tag\">Chambre Double<\/a><\/div>\n<\/p><\/div>\n<div class=\"description\">\n<p>Chambre avec balcon pour afin de garder un oeil sur la mer ...<\/p>\n<div class=\"information_services\">\n<ul>\n<li><i class=\"fa fa-coffee\"><\/i><\/li>\n<li><i class=\"fa fa-wifi\"><\/i><\/li>\n<li><i class=\"fa fa-cutlery\"><\/i><\/li>\n<\/ul>\n<\/div>\n<\/div>\n<div class=\"footer-content-room\">\n<div class=\"price\">\n\t\t\t<span class=\"title-price\">Price:<\/span><\/p>\n<p>\t\t\t\t\t\t\t<span class=\"price_value price_min\"><br \/>\n\t            176.0 &euro;<span class=\"unit\">night<\/span><br \/>\n            <\/span><\/p><\/div>\n<div class=\"actions\">\n<div class=\"action-btn\">\n\t\t\t<a href=\"http:\/\/hotellaviergenoire.com\/fr\/chambres\/sea-view-balcony\/\" class=\"button readmore\"><br \/>\n\t\t\t\tMore Info\t\t\t<\/a>\n\t\t<\/div>\n<\/p><\/div>\n<\/div><\/div>\n<\/p><\/div>\n<p><!-- .summary --><\/p>\n<\/li>\n<li id=\"room-4518\" class=\"col-md-3 col-sm-6 col-xs-6 post-4518 hb_room type-hb_room status-publish has-post-thumbnail hentry hb_room_type-deluxe-room hb_room_type-family-room\">\n<div class=\"summary entry-summary\">\n<div class=\"media\">\n\t<img loading=\"lazy\" decoding=\"async\" src=\"http:\/\/hotellaviergenoire.com\/wp-content\/uploads\/2015\/10\/chambres-2016-010-270x270.jpg\" width=\"270\" height=\"270\" alt=\"\"\/>\t\t<\/p>\n<div class=\"actions\">\n<div class=\"action-btn\">\n\t\t\t<a href=\"http:\/\/hotellaviergenoire.com\/fr\/chambres\/family-room\/\" class=\"button readmore\"><br \/>\n\t\t\t\t<i class=\"las la-external-link-square-alt\"><\/i><br \/>\n\t\t\t<\/a>\n\t\t<\/div>\n<\/p><\/div>\n<\/div>\n<div class=\"content-room\">\n<div class=\"title-room\">\n<div class=\"title\">\n<h4>\n\t\t<a href=\"http:\/\/hotellaviergenoire.com\/fr\/chambres\/family-room\/\">Chambre Familiale<\/a><br \/>\n\t<\/h4>\n<\/div>\n<div class=\"room-types\"><a href=\"http:\/\/hotellaviergenoire.com\/fr\/type-chambre\/deluxe-room\/\" rel=\"tag\">Suite<\/a><span class=\"sep\"><\/span><a href=\"http:\/\/hotellaviergenoire.com\/fr\/type-chambre\/family-room\/\" rel=\"tag\">Chambre Familiale<\/a><\/div>\n<\/p><\/div>\n<div class=\"description\">\n<p>Suite familiale pour 4 personnes avec vue mer parfaite pour vos ...<\/p>\n<div class=\"information_services\">\n<ul>\n<li><i class=\"fa fa-coffee\"><\/i><\/li>\n<li><i class=\"fa fa-wifi\"><\/i><\/li>\n<li><i class=\"fa fa-cutlery\"><\/i><\/li>\n<\/ul>\n<\/div>\n<\/div>\n<div class=\"footer-content-room\">\n<div class=\"price\">\n\t\t\t<span class=\"title-price\">Price:<\/span><\/p>\n<p>\t\t\t\t\t\t\t<span class=\"price_value price_min\"><br \/>\n\t            327.8 &euro;<span class=\"unit\">night<\/span><br \/>\n            <\/span><\/p><\/div>\n<div class=\"actions\">\n<div class=\"action-btn\">\n\t\t\t<a href=\"http:\/\/hotellaviergenoire.com\/fr\/chambres\/family-room\/\" class=\"button readmore\"><br \/>\n\t\t\t\tMore Info\t\t\t<\/a>\n\t\t<\/div>\n<\/p><\/div>\n<\/div><\/div>\n<\/p><\/div>\n<p><!-- .summary --><\/p>\n<\/li>\n<\/ul>\n<\/div>\n<\/div><\/div><\/div><\/div><\/div><\/div>","protected":false},"excerpt":{"rendered":"<p>Lit : 1 lit double 160 x 200 cm + 2 lits simples<br \/>\nOccupants : 2 adultes + 2 enfants<br \/>\nLocalisation : 1er \u00e9tage<br \/>\nSuperficie : 17 m\u00b2 avec terrasse de 11 m\u00b2<\/p>\n<p>\nFamily suite for 4 people with sea view perfect for your family vacation. Take advantage of its 14 m\u00b2 <\/p>","protected":false},"author":1,"featured_media":0,"parent":0,"menu_order":0,"comment_status":"closed","ping_status":"closed","template":"","meta":{"footnotes":""},"class_list":["post-2905","page","type-page","status-publish","hentry"],"_links":{"self":[{"href":"http:\/\/hotellaviergenoire.com\/fr\/wp-json\/wp\/v2\/pages\/2905","targetHints":{"allow":["GET"]}}],"collection":[{"href":"http:\/\/hotellaviergenoire.com\/fr\/wp-json\/wp\/v2\/pages"}],"about":[{"href":"http:\/\/hotellaviergenoire.com\/fr\/wp-json\/wp\/v2\/types\/page"}],"author":[{"embeddable":true,"href":"http:\/\/hotellaviergenoire.com\/fr\/wp-json\/wp\/v2\/users\/1"}],"replies":[{"embeddable":true,"href":"http:\/\/hotellaviergenoire.com\/fr\/wp-json\/wp\/v2\/comments?post=2905"}],"version-history":[{"count":75,"href":"http:\/\/hotellaviergenoire.com\/fr\/wp-json\/wp\/v2\/pages\/2905\/revisions"}],"predecessor-version":[{"id":4911,"href":"http:\/\/hotellaviergenoire.com\/fr\/wp-json\/wp\/v2\/pages\/2905\/revisions\/4911"}],"wp:attachment":[{"href":"http:\/\/hotellaviergenoire.com\/fr\/wp-json\/wp\/v2\/media?parent=2905"}],"curies":[{"name":"wp","href":"https:\/\/api.w.org\/{rel}","templated":true}]}}